{"id":7,"date":"2024-05-21T23:18:48","date_gmt":"2024-05-22T02:18:48","guid":{"rendered":"https:\/\/montreal.ventures\/?page_id=7"},"modified":"2024-05-22T00:33:46","modified_gmt":"2024-05-22T03:33:46","slug":"site-em-construcao","status":"publish","type":"page","link":"https:\/\/montreal.ventures\/en\/site-em-construcao\/","title":{"rendered":"Site em constru\u00e7\u00e3o"},"content":{"rendered":"<div data-elementor-type=\"wp-page\" data-elementor-id=\"7\" class=\"elementor elementor-7\" data-elementor-post-type=\"page\">\n\t\t\t\t<div class=\"elementor-element elementor-element-4ed1984 e-flex e-con-boxed e-con e-parent\" data-id=\"4ed1984\" data-element_type=\"container\" data-e-type=\"container\" data-settings=\"{&quot;background_background&quot;:&quot;classic&quot;}\">\n\t\t\t\t\t<div class=\"e-con-inner\">\n\t\t\t\t<div class=\"elementor-element elementor-element-7a305b2 elementor-widget__width-initial elementor-widget elementor-widget-image\" data-id=\"7a305b2\" data-element_type=\"widget\" data-e-type=\"widget\" data-widget_type=\"image.default\">\n\t\t\t\t<div class=\"elementor-widget-container\">\n\t\t\t\t\t\t\t\t\t\t\t\t\t\t\t<img fetchpriority=\"high\" decoding=\"async\" width=\"836\" height=\"773\" src=\"https:\/\/montreal.ventures\/wp-content\/uploads\/2024\/05\/Logotipo_vertical_1.jpg\" class=\"attachment-large size-large wp-image-20\" alt=\"\" srcset=\"https:\/\/montreal.ventures\/wp-content\/uploads\/2024\/05\/Logotipo_vertical_1.jpg 836w, https:\/\/montreal.ventures\/wp-content\/uploads\/2024\/05\/Logotipo_vertical_1-300x277.jpg 300w, https:\/\/montreal.ventures\/wp-content\/uploads\/2024\/05\/Logotipo_vertical_1-768x710.jpg 768w\" sizes=\"(max-width: 836px) 100vw, 836px\" \/>\t\t\t\t\t\t\t\t\t\t\t\t\t\t\t<\/div>\n\t\t\t\t<\/div>\n\t\t\t\t<div class=\"elementor-element elementor-element-ef62c5a animated-slow elementor-invisible elementor-widget elementor-widget-heading\" data-id=\"ef62c5a\" data-element_type=\"widget\" data-e-type=\"widget\" data-settings=\"{&quot;_animation&quot;:&quot;fadeInUp&quot;}\" data-widget_type=\"heading.default\">\n\t\t\t\t<div class=\"elementor-widget-container\">\n\t\t\t\t\t<h2 class=\"elementor-heading-title elementor-size-default\">Our website is under construction, which means that something very exciting is yet to come. <br>In the meantime, you can contact us at <span style=\"color: #0D181C\">contato@montreal.ventures<\/span><\/h2>\t\t\t\t<\/div>\n\t\t\t\t<\/div>\n\t\t\t\t\t<\/div>\n\t\t\t\t<\/div>\n\t\t\t\t<\/div>","protected":false},"excerpt":{"rendered":"<p>Nosso site est\u00e1 em constru\u00e7\u00e3o, o que quer dizer que algo muito incr\u00edvel est\u00e1 por vir. Enquanto isso, voc\u00ea pode entrar em [&hellip;]<\/p>\n","protected":false},"author":1,"featured_media":0,"parent":0,"menu_order":0,"comment_status":"closed","ping_status":"closed","template":"elementor_canvas","meta":{"footnotes":""},"class_list":["post-7","page","type-page","status-publish","hentry"],"_links":{"self":[{"href":"https:\/\/montreal.ventures\/en\/wp-json\/wp\/v2\/pages\/7","targetHints":{"allow":["GET"]}}],"collection":[{"href":"https:\/\/montreal.ventures\/en\/wp-json\/wp\/v2\/pages"}],"about":[{"href":"https:\/\/montreal.ventures\/en\/wp-json\/wp\/v2\/types\/page"}],"author":[{"embeddable":true,"href":"https:\/\/montreal.ventures\/en\/wp-json\/wp\/v2\/users\/1"}],"replies":[{"embeddable":true,"href":"https:\/\/montreal.ventures\/en\/wp-json\/wp\/v2\/comments?post=7"}],"version-history":[{"count":20,"href":"https:\/\/montreal.ventures\/en\/wp-json\/wp\/v2\/pages\/7\/revisions"}],"predecessor-version":[{"id":863,"href":"https:\/\/montreal.ventures\/en\/wp-json\/wp\/v2\/pages\/7\/revisions\/863"}],"wp:attachment":[{"href":"https:\/\/montreal.ventures\/en\/wp-json\/wp\/v2\/media?parent=7"}],"curies":[{"name":"wp","href":"https:\/\/api.w.org\/{rel}","templated":true}]}}